{"id":31,"date":"2018-05-16T12:40:45","date_gmt":"2018-05-16T12:40:45","guid":{"rendered":"http:\/\/beatkom.pl\/?page_id=31"},"modified":"2024-05-12T21:29:49","modified_gmt":"2024-05-12T19:29:49","slug":"kontakt","status":"publish","type":"page","link":"https:\/\/beatkom.pl\/?page_id=31","title":{"rendered":"Kontakt"},"content":{"rendered":"<p><img loading=\"lazy\" decoding=\"async\" class=\"alignnone size-medium wp-image-23\" src=\"https:\/\/beatkom.pl\/wp-content\/uploads\/2018\/05\/beatkom_logo-300x59.png\" alt=\"\" width=\"250\" height=\"50\" \/><br \/>\nul. Szkolna 15A<br \/>\n87-600 Lipno<br \/>\nNIP 466-012-49-92<\/p>\n<p><strong><em>Godziny otwarcia:<\/em><\/strong><br \/>\nponiedzia\u0142ek &#8211; pi\u0105tek: 8:00 &#8211; 16:00<br \/>\nsobota: 8:00 &#8211; 13:00<\/p>\n<p><strong>Zam\u00f3wienia i zg\u0142aszanie awarii oraz p\u0142atno\u015bci<\/strong><br \/>\nBeata Rybaczewska<br \/>\ntel. 54-287-34-72<br \/>\nmobile 502-424-272<br \/>\ne-mail: biuro@beatkom.pl<\/p>\n<p><strong>Pytania techniczne<\/strong><br \/>\nPiotr Rybaczewski<br \/>\ntel. 506-151-111<br \/>\np.rybaczewski@beatkom.pl<\/p>\n","protected":false},"excerpt":{"rendered":"<p>ul. Szkolna 15A 87-600 Lipno NIP 466-012-49-92 Godziny otwarcia: poniedzia\u0142ek &#8211; pi\u0105tek: 8:00 &#8211; 16:00 sobota: 8:00 &#8211; 13:00 Zam\u00f3wienia i zg\u0142aszanie awarii oraz p\u0142atno\u015bci Beata Rybaczewska tel. 54-287-34-72 mobile 502-424-272 e-mail: biuro@beatkom.pl Pytania techniczne Piotr Rybaczewski tel. 506-151-111 p.rybaczewski@beatkom.pl<\/p>\n","protected":false},"author":1,"featured_media":0,"parent":0,"menu_order":0,"comment_status":"closed","ping_status":"closed","template":"","meta":{"footnotes":""},"class_list":["post-31","page","type-page","status-publish","hentry"],"yoast_head":"<!-- This site is optimized with the Yoast SEO plugin v27.5 - https:\/\/yoast.com\/product\/yoast-seo-wordpress\/ -->\n<title>Kontakt - INTERNET - AUTOMATYKA - KLIMATYZACJA - POMPY CIEP\u0141A<\/title>\n<meta name=\"robots\" content=\"index, follow, max-snippet:-1, max-image-preview:large, max-video-preview:-1\" \/>\n<link rel=\"canonical\" href=\"https:\/\/beatkom.pl\/?page_id=31\" \/>\n<meta property=\"og:locale\" content=\"pl_PL\" \/>\n<meta property=\"og:type\" content=\"article\" \/>\n<meta property=\"og:title\" content=\"Kontakt - INTERNET - AUTOMATYKA - KLIMATYZACJA - POMPY CIEP\u0141A\" \/>\n<meta property=\"og:description\" content=\"ul. Szkolna 15A 87-600 Lipno NIP 466-012-49-92 Godziny otwarcia: poniedzia\u0142ek &#8211; pi\u0105tek: 8:00 &#8211; 16:00 sobota: 8:00 &#8211; 13:00 Zam\u00f3wienia i zg\u0142aszanie awarii oraz p\u0142atno\u015bci Beata Rybaczewska tel. 54-287-34-72 mobile 502-424-272 e-mail: biuro@beatkom.pl Pytania techniczne Piotr Rybaczewski tel. 506-151-111 p.rybaczewski@beatkom.pl\" \/>\n<meta property=\"og:url\" content=\"https:\/\/beatkom.pl\/?page_id=31\" \/>\n<meta property=\"og:site_name\" content=\"INTERNET - AUTOMATYKA - KLIMATYZACJA - POMPY CIEP\u0141A\" \/>\n<meta property=\"article:publisher\" content=\"https:\/\/www.facebook.com\/beatkom\/\" \/>\n<meta property=\"article:modified_time\" content=\"2024-05-12T19:29:49+00:00\" \/>\n<meta property=\"og:image\" content=\"https:\/\/beatkom.pl\/wp-content\/uploads\/2018\/05\/beatkom_logo-300x59.png\" \/>\n<meta name=\"twitter:card\" content=\"summary_large_image\" \/>\n<meta name=\"twitter:label1\" content=\"Szacowany czas czytania\" \/>\n\t<meta name=\"twitter:data1\" content=\"1 minuta\" \/>\n<script type=\"application\/ld+json\" class=\"yoast-schema-graph\">{\"@context\":\"https:\\\/\\\/schema.org\",\"@graph\":[{\"@type\":\"WebPage\",\"@id\":\"https:\\\/\\\/beatkom.pl\\\/?page_id=31\",\"url\":\"https:\\\/\\\/beatkom.pl\\\/?page_id=31\",\"name\":\"Kontakt - INTERNET - AUTOMATYKA - KLIMATYZACJA - POMPY CIEP\u0141A\",\"isPartOf\":{\"@id\":\"https:\\\/\\\/beatkom.pl\\\/#website\"},\"primaryImageOfPage\":{\"@id\":\"https:\\\/\\\/beatkom.pl\\\/?page_id=31#primaryimage\"},\"image\":{\"@id\":\"https:\\\/\\\/beatkom.pl\\\/?page_id=31#primaryimage\"},\"thumbnailUrl\":\"https:\\\/\\\/beatkom.pl\\\/wp-content\\\/uploads\\\/2018\\\/05\\\/beatkom_logo-300x59.png\",\"datePublished\":\"2018-05-16T12:40:45+00:00\",\"dateModified\":\"2024-05-12T19:29:49+00:00\",\"breadcrumb\":{\"@id\":\"https:\\\/\\\/beatkom.pl\\\/?page_id=31#breadcrumb\"},\"inLanguage\":\"pl-PL\",\"potentialAction\":[{\"@type\":\"ReadAction\",\"target\":[\"https:\\\/\\\/beatkom.pl\\\/?page_id=31\"]}]},{\"@type\":\"ImageObject\",\"inLanguage\":\"pl-PL\",\"@id\":\"https:\\\/\\\/beatkom.pl\\\/?page_id=31#primaryimage\",\"url\":\"https:\\\/\\\/beatkom.pl\\\/wp-content\\\/uploads\\\/2018\\\/05\\\/beatkom_logo-e1526473520484.png\",\"contentUrl\":\"https:\\\/\\\/beatkom.pl\\\/wp-content\\\/uploads\\\/2018\\\/05\\\/beatkom_logo-e1526473520484.png\",\"width\":600,\"height\":118},{\"@type\":\"BreadcrumbList\",\"@id\":\"https:\\\/\\\/beatkom.pl\\\/?page_id=31#breadcrumb\",\"itemListElement\":[{\"@type\":\"ListItem\",\"position\":1,\"name\":\"Strona g\u0142\u00f3wna\",\"item\":\"https:\\\/\\\/beatkom.pl\\\/\"},{\"@type\":\"ListItem\",\"position\":2,\"name\":\"Kontakt\"}]},{\"@type\":\"WebSite\",\"@id\":\"https:\\\/\\\/beatkom.pl\\\/#website\",\"url\":\"https:\\\/\\\/beatkom.pl\\\/\",\"name\":\"INTERNET - AUTOMATYKA - KLIMATYZACJA - POMPY CIEP\u0141A\",\"description\":\"tel. 542-873-472; 502-424-272\",\"publisher\":{\"@id\":\"https:\\\/\\\/beatkom.pl\\\/#organization\"},\"potentialAction\":[{\"@type\":\"SearchAction\",\"target\":{\"@type\":\"EntryPoint\",\"urlTemplate\":\"https:\\\/\\\/beatkom.pl\\\/?s={search_term_string}\"},\"query-input\":{\"@type\":\"PropertyValueSpecification\",\"valueRequired\":true,\"valueName\":\"search_term_string\"}}],\"inLanguage\":\"pl-PL\"},{\"@type\":\"Organization\",\"@id\":\"https:\\\/\\\/beatkom.pl\\\/#organization\",\"name\":\"beatkom\",\"url\":\"https:\\\/\\\/beatkom.pl\\\/\",\"logo\":{\"@type\":\"ImageObject\",\"inLanguage\":\"pl-PL\",\"@id\":\"https:\\\/\\\/beatkom.pl\\\/#\\\/schema\\\/logo\\\/image\\\/\",\"url\":\"https:\\\/\\\/beatkom.pl\\\/wp-content\\\/uploads\\\/2018\\\/05\\\/beatkom_logo-1-e1526473632559.png\",\"contentUrl\":\"https:\\\/\\\/beatkom.pl\\\/wp-content\\\/uploads\\\/2018\\\/05\\\/beatkom_logo-1-e1526473632559.png\",\"width\":550,\"height\":108,\"caption\":\"beatkom\"},\"image\":{\"@id\":\"https:\\\/\\\/beatkom.pl\\\/#\\\/schema\\\/logo\\\/image\\\/\"},\"sameAs\":[\"https:\\\/\\\/www.facebook.com\\\/beatkom\\\/\",\"https:\\\/\\\/www.youtube.com\\\/user\\\/beatkom\"]}]}<\/script>\n<!-- \/ Yoast SEO plugin. -->","yoast_head_json":{"title":"Kontakt - INTERNET - AUTOMATYKA - KLIMATYZACJA - POMPY CIEP\u0141A","robots":{"index":"index","follow":"follow","max-snippet":"max-snippet:-1","max-image-preview":"max-image-preview:large","max-video-preview":"max-video-preview:-1"},"canonical":"https:\/\/beatkom.pl\/?page_id=31","og_locale":"pl_PL","og_type":"article","og_title":"Kontakt - INTERNET - AUTOMATYKA - KLIMATYZACJA - POMPY CIEP\u0141A","og_description":"ul. Szkolna 15A 87-600 Lipno NIP 466-012-49-92 Godziny otwarcia: poniedzia\u0142ek &#8211; pi\u0105tek: 8:00 &#8211; 16:00 sobota: 8:00 &#8211; 13:00 Zam\u00f3wienia i zg\u0142aszanie awarii oraz p\u0142atno\u015bci Beata Rybaczewska tel. 54-287-34-72 mobile 502-424-272 e-mail: biuro@beatkom.pl Pytania techniczne Piotr Rybaczewski tel. 506-151-111 p.rybaczewski@beatkom.pl","og_url":"https:\/\/beatkom.pl\/?page_id=31","og_site_name":"INTERNET - AUTOMATYKA - KLIMATYZACJA - POMPY CIEP\u0141A","article_publisher":"https:\/\/www.facebook.com\/beatkom\/","article_modified_time":"2024-05-12T19:29:49+00:00","og_image":[{"url":"https:\/\/beatkom.pl\/wp-content\/uploads\/2018\/05\/beatkom_logo-300x59.png","type":"","width":"","height":""}],"twitter_card":"summary_large_image","twitter_misc":{"Szacowany czas czytania":"1 minuta"},"schema":{"@context":"https:\/\/schema.org","@graph":[{"@type":"WebPage","@id":"https:\/\/beatkom.pl\/?page_id=31","url":"https:\/\/beatkom.pl\/?page_id=31","name":"Kontakt - INTERNET - AUTOMATYKA - KLIMATYZACJA - POMPY CIEP\u0141A","isPartOf":{"@id":"https:\/\/beatkom.pl\/#website"},"primaryImageOfPage":{"@id":"https:\/\/beatkom.pl\/?page_id=31#primaryimage"},"image":{"@id":"https:\/\/beatkom.pl\/?page_id=31#primaryimage"},"thumbnailUrl":"https:\/\/beatkom.pl\/wp-content\/uploads\/2018\/05\/beatkom_logo-300x59.png","datePublished":"2018-05-16T12:40:45+00:00","dateModified":"2024-05-12T19:29:49+00:00","breadcrumb":{"@id":"https:\/\/beatkom.pl\/?page_id=31#breadcrumb"},"inLanguage":"pl-PL","potentialAction":[{"@type":"ReadAction","target":["https:\/\/beatkom.pl\/?page_id=31"]}]},{"@type":"ImageObject","inLanguage":"pl-PL","@id":"https:\/\/beatkom.pl\/?page_id=31#primaryimage","url":"https:\/\/beatkom.pl\/wp-content\/uploads\/2018\/05\/beatkom_logo-e1526473520484.png","contentUrl":"https:\/\/beatkom.pl\/wp-content\/uploads\/2018\/05\/beatkom_logo-e1526473520484.png","width":600,"height":118},{"@type":"BreadcrumbList","@id":"https:\/\/beatkom.pl\/?page_id=31#breadcrumb","itemListElement":[{"@type":"ListItem","position":1,"name":"Strona g\u0142\u00f3wna","item":"https:\/\/beatkom.pl\/"},{"@type":"ListItem","position":2,"name":"Kontakt"}]},{"@type":"WebSite","@id":"https:\/\/beatkom.pl\/#website","url":"https:\/\/beatkom.pl\/","name":"INTERNET - AUTOMATYKA - KLIMATYZACJA - POMPY CIEP\u0141A","description":"tel. 542-873-472; 502-424-272","publisher":{"@id":"https:\/\/beatkom.pl\/#organization"},"potentialAction":[{"@type":"SearchAction","target":{"@type":"EntryPoint","urlTemplate":"https:\/\/beatkom.pl\/?s={search_term_string}"},"query-input":{"@type":"PropertyValueSpecification","valueRequired":true,"valueName":"search_term_string"}}],"inLanguage":"pl-PL"},{"@type":"Organization","@id":"https:\/\/beatkom.pl\/#organization","name":"beatkom","url":"https:\/\/beatkom.pl\/","logo":{"@type":"ImageObject","inLanguage":"pl-PL","@id":"https:\/\/beatkom.pl\/#\/schema\/logo\/image\/","url":"https:\/\/beatkom.pl\/wp-content\/uploads\/2018\/05\/beatkom_logo-1-e1526473632559.png","contentUrl":"https:\/\/beatkom.pl\/wp-content\/uploads\/2018\/05\/beatkom_logo-1-e1526473632559.png","width":550,"height":108,"caption":"beatkom"},"image":{"@id":"https:\/\/beatkom.pl\/#\/schema\/logo\/image\/"},"sameAs":["https:\/\/www.facebook.com\/beatkom\/","https:\/\/www.youtube.com\/user\/beatkom"]}]}},"_links":{"self":[{"href":"https:\/\/beatkom.pl\/index.php?rest_route=\/wp\/v2\/pages\/31","targetHints":{"allow":["GET"]}}],"collection":[{"href":"https:\/\/beatkom.pl\/index.php?rest_route=\/wp\/v2\/pages"}],"about":[{"href":"https:\/\/beatkom.pl\/index.php?rest_route=\/wp\/v2\/types\/page"}],"author":[{"embeddable":true,"href":"https:\/\/beatkom.pl\/index.php?rest_route=\/wp\/v2\/users\/1"}],"replies":[{"embeddable":true,"href":"https:\/\/beatkom.pl\/index.php?rest_route=%2Fwp%2Fv2%2Fcomments&post=31"}],"version-history":[{"count":6,"href":"https:\/\/beatkom.pl\/index.php?rest_route=\/wp\/v2\/pages\/31\/revisions"}],"predecessor-version":[{"id":150,"href":"https:\/\/beatkom.pl\/index.php?rest_route=\/wp\/v2\/pages\/31\/revisions\/150"}],"wp:attachment":[{"href":"https:\/\/beatkom.pl\/index.php?rest_route=%2Fwp%2Fv2%2Fmedia&parent=31"}],"curies":[{"name":"wp","href":"https:\/\/api.w.org\/{rel}","templated":true}]}}