{"id":145,"date":"2018-07-29T22:59:11","date_gmt":"2018-07-29T20:59:11","guid":{"rendered":"https:\/\/beatkom.pl\/?page_id=145"},"modified":"2018-07-29T22:59:20","modified_gmt":"2018-07-29T20:59:20","slug":"powietrzne-pompy-ciepla","status":"publish","type":"page","link":"https:\/\/beatkom.pl\/?page_id=145","title":{"rendered":"Powietrzne pompy ciep\u0142a"},"content":{"rendered":"<p>Posiadamy przeszkolenie w zakresie instalacji powietrznych pomp ciep\u0142a firmy <a href=\"https:\/\/www.aircon.panasonic.eu\/PL_pl\/ranges\/aquarea\/\" target=\"_blank\" rel=\"noopener\">Panasonic<\/a> wraz z niezb\u0119dnymi do tego typu instalacji certyfikatami F-GAZ. Panasonic ma w swojej ofercie dobrze si\u0119 sprawuj\u0105cy w naszych Polskich warunkach model T-CAP, kt\u00f3ry utrzymuje 100% swojej mocy nominalnej do temperatury zewn\u0119trznej -15oC, poni\u017cej tej temperatury jej moc nieznacznie spada.<\/p>\n","protected":false},"excerpt":{"rendered":"<p>Posiadamy przeszkolenie w zakresie instalacji powietrznych pomp ciep\u0142a firmy Panasonic wraz z niezb\u0119dnymi do tego typu instalacji certyfikatami F-GAZ. Panasonic ma w swojej ofercie dobrze si\u0119 sprawuj\u0105cy w naszych Polskich warunkach model T-CAP, kt\u00f3ry utrzymuje 100% swojej mocy nominalnej do temperatury zewn\u0119trznej -15oC, poni\u017cej tej temperatury jej moc nieznacznie spada.<\/p>\n","protected":false},"author":1,"featured_media":146,"parent":0,"menu_order":0,"comment_status":"closed","ping_status":"closed","template":"","meta":{"footnotes":""},"class_list":["post-145","page","type-page","status-publish","has-post-thumbnail","hentry"],"yoast_head":"<!-- This site is optimized with the Yoast SEO plugin v27.5 - https:\/\/yoast.com\/product\/yoast-seo-wordpress\/ -->\n<title>Powietrzne pompy ciep\u0142a - INTERNET - AUTOMATYKA - KLIMATYZACJA - POMPY CIEP\u0141A<\/title>\n<meta name=\"robots\" content=\"index, follow, max-snippet:-1, max-image-preview:large, max-video-preview:-1\" \/>\n<link rel=\"canonical\" href=\"https:\/\/beatkom.pl\/?page_id=145\" \/>\n<meta property=\"og:locale\" content=\"pl_PL\" \/>\n<meta property=\"og:type\" content=\"article\" \/>\n<meta property=\"og:title\" content=\"Powietrzne pompy ciep\u0142a - INTERNET - AUTOMATYKA - KLIMATYZACJA - POMPY CIEP\u0141A\" \/>\n<meta property=\"og:description\" content=\"Posiadamy przeszkolenie w zakresie instalacji powietrznych pomp ciep\u0142a firmy Panasonic wraz z niezb\u0119dnymi do tego typu instalacji certyfikatami F-GAZ. Panasonic ma w swojej ofercie dobrze si\u0119 sprawuj\u0105cy w naszych Polskich warunkach model T-CAP, kt\u00f3ry utrzymuje 100% swojej mocy nominalnej do temperatury zewn\u0119trznej -15oC, poni\u017cej tej temperatury jej moc nieznacznie spada.\" \/>\n<meta property=\"og:url\" content=\"https:\/\/beatkom.pl\/?page_id=145\" \/>\n<meta property=\"og:site_name\" content=\"INTERNET - AUTOMATYKA - KLIMATYZACJA - POMPY CIEP\u0141A\" \/>\n<meta property=\"article:publisher\" content=\"https:\/\/www.facebook.com\/beatkom\/\" \/>\n<meta property=\"article:modified_time\" content=\"2018-07-29T20:59:20+00:00\" \/>\n<meta property=\"og:image\" content=\"https:\/\/beatkom.pl\/wp-content\/uploads\/2018\/07\/2017-10-28_12-34-40.png\" \/>\n\t<meta property=\"og:image:width\" content=\"1231\" \/>\n\t<meta property=\"og:image:height\" content=\"675\" \/>\n\t<meta property=\"og:image:type\" content=\"image\/png\" \/>\n<meta name=\"twitter:card\" content=\"summary_large_image\" \/>\n<script type=\"application\/ld+json\" class=\"yoast-schema-graph\">{\"@context\":\"https:\\\/\\\/schema.org\",\"@graph\":[{\"@type\":\"WebPage\",\"@id\":\"https:\\\/\\\/beatkom.pl\\\/?page_id=145\",\"url\":\"https:\\\/\\\/beatkom.pl\\\/?page_id=145\",\"name\":\"Powietrzne pompy ciep\u0142a - INTERNET - AUTOMATYKA - KLIMATYZACJA - POMPY CIEP\u0141A\",\"isPartOf\":{\"@id\":\"https:\\\/\\\/beatkom.pl\\\/#website\"},\"primaryImageOfPage\":{\"@id\":\"https:\\\/\\\/beatkom.pl\\\/?page_id=145#primaryimage\"},\"image\":{\"@id\":\"https:\\\/\\\/beatkom.pl\\\/?page_id=145#primaryimage\"},\"thumbnailUrl\":\"https:\\\/\\\/beatkom.pl\\\/wp-content\\\/uploads\\\/2018\\\/07\\\/2017-10-28_12-34-40.png\",\"datePublished\":\"2018-07-29T20:59:11+00:00\",\"dateModified\":\"2018-07-29T20:59:20+00:00\",\"breadcrumb\":{\"@id\":\"https:\\\/\\\/beatkom.pl\\\/?page_id=145#breadcrumb\"},\"inLanguage\":\"pl-PL\",\"potentialAction\":[{\"@type\":\"ReadAction\",\"target\":[\"https:\\\/\\\/beatkom.pl\\\/?page_id=145\"]}]},{\"@type\":\"ImageObject\",\"inLanguage\":\"pl-PL\",\"@id\":\"https:\\\/\\\/beatkom.pl\\\/?page_id=145#primaryimage\",\"url\":\"https:\\\/\\\/beatkom.pl\\\/wp-content\\\/uploads\\\/2018\\\/07\\\/2017-10-28_12-34-40.png\",\"contentUrl\":\"https:\\\/\\\/beatkom.pl\\\/wp-content\\\/uploads\\\/2018\\\/07\\\/2017-10-28_12-34-40.png\",\"width\":1231,\"height\":675},{\"@type\":\"BreadcrumbList\",\"@id\":\"https:\\\/\\\/beatkom.pl\\\/?page_id=145#breadcrumb\",\"itemListElement\":[{\"@type\":\"ListItem\",\"position\":1,\"name\":\"Strona g\u0142\u00f3wna\",\"item\":\"https:\\\/\\\/beatkom.pl\\\/\"},{\"@type\":\"ListItem\",\"position\":2,\"name\":\"Powietrzne pompy ciep\u0142a\"}]},{\"@type\":\"WebSite\",\"@id\":\"https:\\\/\\\/beatkom.pl\\\/#website\",\"url\":\"https:\\\/\\\/beatkom.pl\\\/\",\"name\":\"INTERNET - AUTOMATYKA - KLIMATYZACJA - POMPY CIEP\u0141A\",\"description\":\"tel. 542-873-472; 502-424-272\",\"publisher\":{\"@id\":\"https:\\\/\\\/beatkom.pl\\\/#organization\"},\"potentialAction\":[{\"@type\":\"SearchAction\",\"target\":{\"@type\":\"EntryPoint\",\"urlTemplate\":\"https:\\\/\\\/beatkom.pl\\\/?s={search_term_string}\"},\"query-input\":{\"@type\":\"PropertyValueSpecification\",\"valueRequired\":true,\"valueName\":\"search_term_string\"}}],\"inLanguage\":\"pl-PL\"},{\"@type\":\"Organization\",\"@id\":\"https:\\\/\\\/beatkom.pl\\\/#organization\",\"name\":\"beatkom\",\"url\":\"https:\\\/\\\/beatkom.pl\\\/\",\"logo\":{\"@type\":\"ImageObject\",\"inLanguage\":\"pl-PL\",\"@id\":\"https:\\\/\\\/beatkom.pl\\\/#\\\/schema\\\/logo\\\/image\\\/\",\"url\":\"https:\\\/\\\/beatkom.pl\\\/wp-content\\\/uploads\\\/2018\\\/05\\\/beatkom_logo-1-e1526473632559.png\",\"contentUrl\":\"https:\\\/\\\/beatkom.pl\\\/wp-content\\\/uploads\\\/2018\\\/05\\\/beatkom_logo-1-e1526473632559.png\",\"width\":550,\"height\":108,\"caption\":\"beatkom\"},\"image\":{\"@id\":\"https:\\\/\\\/beatkom.pl\\\/#\\\/schema\\\/logo\\\/image\\\/\"},\"sameAs\":[\"https:\\\/\\\/www.facebook.com\\\/beatkom\\\/\",\"https:\\\/\\\/www.youtube.com\\\/user\\\/beatkom\"]}]}<\/script>\n<!-- \/ Yoast SEO plugin. -->","yoast_head_json":{"title":"Powietrzne pompy ciep\u0142a - INTERNET - AUTOMATYKA - KLIMATYZACJA - POMPY CIEP\u0141A","robots":{"index":"index","follow":"follow","max-snippet":"max-snippet:-1","max-image-preview":"max-image-preview:large","max-video-preview":"max-video-preview:-1"},"canonical":"https:\/\/beatkom.pl\/?page_id=145","og_locale":"pl_PL","og_type":"article","og_title":"Powietrzne pompy ciep\u0142a - INTERNET - AUTOMATYKA - KLIMATYZACJA - POMPY CIEP\u0141A","og_description":"Posiadamy przeszkolenie w zakresie instalacji powietrznych pomp ciep\u0142a firmy Panasonic wraz z niezb\u0119dnymi do tego typu instalacji certyfikatami F-GAZ. Panasonic ma w swojej ofercie dobrze si\u0119 sprawuj\u0105cy w naszych Polskich warunkach model T-CAP, kt\u00f3ry utrzymuje 100% swojej mocy nominalnej do temperatury zewn\u0119trznej -15oC, poni\u017cej tej temperatury jej moc nieznacznie spada.","og_url":"https:\/\/beatkom.pl\/?page_id=145","og_site_name":"INTERNET - AUTOMATYKA - KLIMATYZACJA - POMPY CIEP\u0141A","article_publisher":"https:\/\/www.facebook.com\/beatkom\/","article_modified_time":"2018-07-29T20:59:20+00:00","og_image":[{"width":1231,"height":675,"url":"https:\/\/beatkom.pl\/wp-content\/uploads\/2018\/07\/2017-10-28_12-34-40.png","type":"image\/png"}],"twitter_card":"summary_large_image","schema":{"@context":"https:\/\/schema.org","@graph":[{"@type":"WebPage","@id":"https:\/\/beatkom.pl\/?page_id=145","url":"https:\/\/beatkom.pl\/?page_id=145","name":"Powietrzne pompy ciep\u0142a - INTERNET - AUTOMATYKA - KLIMATYZACJA - POMPY CIEP\u0141A","isPartOf":{"@id":"https:\/\/beatkom.pl\/#website"},"primaryImageOfPage":{"@id":"https:\/\/beatkom.pl\/?page_id=145#primaryimage"},"image":{"@id":"https:\/\/beatkom.pl\/?page_id=145#primaryimage"},"thumbnailUrl":"https:\/\/beatkom.pl\/wp-content\/uploads\/2018\/07\/2017-10-28_12-34-40.png","datePublished":"2018-07-29T20:59:11+00:00","dateModified":"2018-07-29T20:59:20+00:00","breadcrumb":{"@id":"https:\/\/beatkom.pl\/?page_id=145#breadcrumb"},"inLanguage":"pl-PL","potentialAction":[{"@type":"ReadAction","target":["https:\/\/beatkom.pl\/?page_id=145"]}]},{"@type":"ImageObject","inLanguage":"pl-PL","@id":"https:\/\/beatkom.pl\/?page_id=145#primaryimage","url":"https:\/\/beatkom.pl\/wp-content\/uploads\/2018\/07\/2017-10-28_12-34-40.png","contentUrl":"https:\/\/beatkom.pl\/wp-content\/uploads\/2018\/07\/2017-10-28_12-34-40.png","width":1231,"height":675},{"@type":"BreadcrumbList","@id":"https:\/\/beatkom.pl\/?page_id=145#breadcrumb","itemListElement":[{"@type":"ListItem","position":1,"name":"Strona g\u0142\u00f3wna","item":"https:\/\/beatkom.pl\/"},{"@type":"ListItem","position":2,"name":"Powietrzne pompy ciep\u0142a"}]},{"@type":"WebSite","@id":"https:\/\/beatkom.pl\/#website","url":"https:\/\/beatkom.pl\/","name":"INTERNET - AUTOMATYKA - KLIMATYZACJA - POMPY CIEP\u0141A","description":"tel. 542-873-472; 502-424-272","publisher":{"@id":"https:\/\/beatkom.pl\/#organization"},"potentialAction":[{"@type":"SearchAction","target":{"@type":"EntryPoint","urlTemplate":"https:\/\/beatkom.pl\/?s={search_term_string}"},"query-input":{"@type":"PropertyValueSpecification","valueRequired":true,"valueName":"search_term_string"}}],"inLanguage":"pl-PL"},{"@type":"Organization","@id":"https:\/\/beatkom.pl\/#organization","name":"beatkom","url":"https:\/\/beatkom.pl\/","logo":{"@type":"ImageObject","inLanguage":"pl-PL","@id":"https:\/\/beatkom.pl\/#\/schema\/logo\/image\/","url":"https:\/\/beatkom.pl\/wp-content\/uploads\/2018\/05\/beatkom_logo-1-e1526473632559.png","contentUrl":"https:\/\/beatkom.pl\/wp-content\/uploads\/2018\/05\/beatkom_logo-1-e1526473632559.png","width":550,"height":108,"caption":"beatkom"},"image":{"@id":"https:\/\/beatkom.pl\/#\/schema\/logo\/image\/"},"sameAs":["https:\/\/www.facebook.com\/beatkom\/","https:\/\/www.youtube.com\/user\/beatkom"]}]}},"_links":{"self":[{"href":"https:\/\/beatkom.pl\/index.php?rest_route=\/wp\/v2\/pages\/145","targetHints":{"allow":["GET"]}}],"collection":[{"href":"https:\/\/beatkom.pl\/index.php?rest_route=\/wp\/v2\/pages"}],"about":[{"href":"https:\/\/beatkom.pl\/index.php?rest_route=\/wp\/v2\/types\/page"}],"author":[{"embeddable":true,"href":"https:\/\/beatkom.pl\/index.php?rest_route=\/wp\/v2\/users\/1"}],"replies":[{"embeddable":true,"href":"https:\/\/beatkom.pl\/index.php?rest_route=%2Fwp%2Fv2%2Fcomments&post=145"}],"version-history":[{"count":1,"href":"https:\/\/beatkom.pl\/index.php?rest_route=\/wp\/v2\/pages\/145\/revisions"}],"predecessor-version":[{"id":147,"href":"https:\/\/beatkom.pl\/index.php?rest_route=\/wp\/v2\/pages\/145\/revisions\/147"}],"wp:featuredmedia":[{"embeddable":true,"href":"https:\/\/beatkom.pl\/index.php?rest_route=\/wp\/v2\/media\/146"}],"wp:attachment":[{"href":"https:\/\/beatkom.pl\/index.php?rest_route=%2Fwp%2Fv2%2Fmedia&parent=145"}],"curies":[{"name":"wp","href":"https:\/\/api.w.org\/{rel}","templated":true}]}}